{"id":2,"date":"2019-08-12T13:15:39","date_gmt":"2019-08-12T13:15:39","guid":{"rendered":"https:\/\/themes.muffingroup.com\/be\/seo3\/?page_id=2"},"modified":"2025-09-13T21:04:12","modified_gmt":"2025-09-13T21:04:12","slug":"home","status":"publish","type":"page","link":"https:\/\/www.webeco.pl\/saldeo-smart\/","title":{"rendered":"Home"},"content":{"rendered":"","protected":false},"excerpt":{"rendered":"","protected":false},"author":1,"featured_media":0,"parent":0,"menu_order":0,"comment_status":"closed","ping_status":"open","template":"","meta":{"footnotes":""},"class_list":["post-2","page","type-page","status-publish","hentry"],"yoast_head":"<!-- This site is optimized with the Yoast SEO plugin v27.0 - https:\/\/yoast.com\/product\/yoast-seo-wordpress\/ -->\n<title>SaldeoSMART - odczytywanie faktur - elektroniczny obieg dokument&oacute;w<\/title>\n<meta name=\"description\" content=\"Wybierz automatyzacj\u0119 - obni\u017c koszty obs\u0142ugi dokument\u00f3w nawet o 50% dzi\u0119ki automatycznemu odczytowi dokument\u00f3w SaldeoSMART.\" \/>\n<meta name=\"robots\" content=\"index, follow, max-snippet:-1, max-image-preview:large, max-video-preview:-1\" \/>\n<link rel=\"canonical\" href=\"https:\/\/www.webeco.pl\/saldeo-smart\/\" \/>\n<meta property=\"og:locale\" content=\"pl_PL\" \/>\n<meta property=\"og:type\" content=\"article\" \/>\n<meta property=\"og:title\" content=\"SaldeoSMART - odczytywanie faktur - elektroniczny obieg dokument&oacute;w\" \/>\n<meta property=\"og:description\" content=\"Wybierz automatyzacj\u0119 - obni\u017c koszty obs\u0142ugi dokument\u00f3w nawet o 50% dzi\u0119ki automatycznemu odczytowi dokument\u00f3w SaldeoSMART.\" \/>\n<meta property=\"og:url\" content=\"https:\/\/www.webeco.pl\/saldeo-smart\/\" \/>\n<meta property=\"og:site_name\" content=\"SaldeoSMART - odczytywanie faktur - elektroniczny obieg dokument&oacute;w\" \/>\n<meta property=\"article:modified_time\" content=\"2025-09-13T21:04:12+00:00\" \/>\n<meta name=\"twitter:card\" content=\"summary_large_image\" \/>\n<script type=\"application\/ld+json\" class=\"yoast-schema-graph\">{\"@context\":\"https:\/\/schema.org\",\"@graph\":[{\"@type\":\"WebPage\",\"@id\":\"https:\/\/www.webeco.pl\/saldeo-smart\/\",\"url\":\"https:\/\/www.webeco.pl\/saldeo-smart\/\",\"name\":\"SaldeoSMART - odczytywanie faktur - elektroniczny obieg dokument&oacute;w\",\"isPartOf\":{\"@id\":\"https:\/\/www.webeco.pl\/saldeo-smart\/#website\"},\"datePublished\":\"2019-08-12T13:15:39+00:00\",\"dateModified\":\"2025-09-13T21:04:12+00:00\",\"description\":\"Wybierz automatyzacj\u0119 - obni\u017c koszty obs\u0142ugi dokument\u00f3w nawet o 50% dzi\u0119ki automatycznemu odczytowi dokument\u00f3w SaldeoSMART.\",\"breadcrumb\":{\"@id\":\"https:\/\/www.webeco.pl\/saldeo-smart\/#breadcrumb\"},\"inLanguage\":\"pl-PL\",\"potentialAction\":[{\"@type\":\"ReadAction\",\"target\":[\"https:\/\/www.webeco.pl\/saldeo-smart\/\"]}]},{\"@type\":\"BreadcrumbList\",\"@id\":\"https:\/\/www.webeco.pl\/saldeo-smart\/#breadcrumb\",\"itemListElement\":[{\"@type\":\"ListItem\",\"position\":1,\"name\":\"Strona g\u0142\u00f3wna\",\"item\":\"https:\/\/www.webeco.pl\/saldeo-smart\/\"},{\"@type\":\"ListItem\",\"position\":2,\"name\":\"Home\"}]},{\"@type\":\"WebSite\",\"@id\":\"https:\/\/www.webeco.pl\/saldeo-smart\/#website\",\"url\":\"https:\/\/www.webeco.pl\/saldeo-smart\/\",\"name\":\"SaldeoSMART - odczytywanie faktur - elektroniczny obieg dokument&oacute;w\",\"description\":\"Zapewniamy profesjonalne wdro\u017cenie i opiek\u0119 nad systemem SaldeoSMART\",\"publisher\":{\"@id\":\"https:\/\/www.webeco.pl\/saldeo-smart\/#organization\"},\"potentialAction\":[{\"@type\":\"SearchAction\",\"target\":{\"@type\":\"EntryPoint\",\"urlTemplate\":\"https:\/\/www.webeco.pl\/saldeo-smart\/?s={search_term_string}\"},\"query-input\":{\"@type\":\"PropertyValueSpecification\",\"valueRequired\":true,\"valueName\":\"search_term_string\"}}],\"inLanguage\":\"pl-PL\"},{\"@type\":\"Organization\",\"@id\":\"https:\/\/www.webeco.pl\/saldeo-smart\/#organization\",\"name\":\"Webeco\",\"url\":\"https:\/\/www.webeco.pl\/saldeo-smart\/\",\"logo\":{\"@type\":\"ImageObject\",\"inLanguage\":\"pl-PL\",\"@id\":\"https:\/\/www.webeco.pl\/saldeo-smart\/#\/schema\/logo\/image\/\",\"url\":\"https:\/\/www.webeco.pl\/saldeo-smart\/wp-content\/uploads\/2021\/03\/webeco_m.png\",\"contentUrl\":\"https:\/\/www.webeco.pl\/saldeo-smart\/wp-content\/uploads\/2021\/03\/webeco_m.png\",\"width\":170,\"height\":166,\"caption\":\"Webeco\"},\"image\":{\"@id\":\"https:\/\/www.webeco.pl\/saldeo-smart\/#\/schema\/logo\/image\/\"}}]}<\/script>\n<!-- \/ Yoast SEO plugin. -->","yoast_head_json":{"title":"SaldeoSMART - odczytywanie faktur - elektroniczny obieg dokument&oacute;w","description":"Wybierz automatyzacj\u0119 - obni\u017c koszty obs\u0142ugi dokument\u00f3w nawet o 50% dzi\u0119ki automatycznemu odczytowi dokument\u00f3w SaldeoSMART.","robots":{"index":"index","follow":"follow","max-snippet":"max-snippet:-1","max-image-preview":"max-image-preview:large","max-video-preview":"max-video-preview:-1"},"canonical":"https:\/\/www.webeco.pl\/saldeo-smart\/","og_locale":"pl_PL","og_type":"article","og_title":"SaldeoSMART - odczytywanie faktur - elektroniczny obieg dokument&oacute;w","og_description":"Wybierz automatyzacj\u0119 - obni\u017c koszty obs\u0142ugi dokument\u00f3w nawet o 50% dzi\u0119ki automatycznemu odczytowi dokument\u00f3w SaldeoSMART.","og_url":"https:\/\/www.webeco.pl\/saldeo-smart\/","og_site_name":"SaldeoSMART - odczytywanie faktur - elektroniczny obieg dokument&oacute;w","article_modified_time":"2025-09-13T21:04:12+00:00","twitter_card":"summary_large_image","schema":{"@context":"https:\/\/schema.org","@graph":[{"@type":"WebPage","@id":"https:\/\/www.webeco.pl\/saldeo-smart\/","url":"https:\/\/www.webeco.pl\/saldeo-smart\/","name":"SaldeoSMART - odczytywanie faktur - elektroniczny obieg dokument&oacute;w","isPartOf":{"@id":"https:\/\/www.webeco.pl\/saldeo-smart\/#website"},"datePublished":"2019-08-12T13:15:39+00:00","dateModified":"2025-09-13T21:04:12+00:00","description":"Wybierz automatyzacj\u0119 - obni\u017c koszty obs\u0142ugi dokument\u00f3w nawet o 50% dzi\u0119ki automatycznemu odczytowi dokument\u00f3w SaldeoSMART.","breadcrumb":{"@id":"https:\/\/www.webeco.pl\/saldeo-smart\/#breadcrumb"},"inLanguage":"pl-PL","potentialAction":[{"@type":"ReadAction","target":["https:\/\/www.webeco.pl\/saldeo-smart\/"]}]},{"@type":"BreadcrumbList","@id":"https:\/\/www.webeco.pl\/saldeo-smart\/#breadcrumb","itemListElement":[{"@type":"ListItem","position":1,"name":"Strona g\u0142\u00f3wna","item":"https:\/\/www.webeco.pl\/saldeo-smart\/"},{"@type":"ListItem","position":2,"name":"Home"}]},{"@type":"WebSite","@id":"https:\/\/www.webeco.pl\/saldeo-smart\/#website","url":"https:\/\/www.webeco.pl\/saldeo-smart\/","name":"SaldeoSMART - odczytywanie faktur - elektroniczny obieg dokument&oacute;w","description":"Zapewniamy profesjonalne wdro\u017cenie i opiek\u0119 nad systemem SaldeoSMART","publisher":{"@id":"https:\/\/www.webeco.pl\/saldeo-smart\/#organization"},"potentialAction":[{"@type":"SearchAction","target":{"@type":"EntryPoint","urlTemplate":"https:\/\/www.webeco.pl\/saldeo-smart\/?s={search_term_string}"},"query-input":{"@type":"PropertyValueSpecification","valueRequired":true,"valueName":"search_term_string"}}],"inLanguage":"pl-PL"},{"@type":"Organization","@id":"https:\/\/www.webeco.pl\/saldeo-smart\/#organization","name":"Webeco","url":"https:\/\/www.webeco.pl\/saldeo-smart\/","logo":{"@type":"ImageObject","inLanguage":"pl-PL","@id":"https:\/\/www.webeco.pl\/saldeo-smart\/#\/schema\/logo\/image\/","url":"https:\/\/www.webeco.pl\/saldeo-smart\/wp-content\/uploads\/2021\/03\/webeco_m.png","contentUrl":"https:\/\/www.webeco.pl\/saldeo-smart\/wp-content\/uploads\/2021\/03\/webeco_m.png","width":170,"height":166,"caption":"Webeco"},"image":{"@id":"https:\/\/www.webeco.pl\/saldeo-smart\/#\/schema\/logo\/image\/"}}]}},"_links":{"self":[{"href":"https:\/\/www.webeco.pl\/saldeo-smart\/wp-json\/wp\/v2\/pages\/2","targetHints":{"allow":["GET"]}}],"collection":[{"href":"https:\/\/www.webeco.pl\/saldeo-smart\/wp-json\/wp\/v2\/pages"}],"about":[{"href":"https:\/\/www.webeco.pl\/saldeo-smart\/wp-json\/wp\/v2\/types\/page"}],"author":[{"embeddable":true,"href":"https:\/\/www.webeco.pl\/saldeo-smart\/wp-json\/wp\/v2\/users\/1"}],"replies":[{"embeddable":true,"href":"https:\/\/www.webeco.pl\/saldeo-smart\/wp-json\/wp\/v2\/comments?post=2"}],"version-history":[{"count":1,"href":"https:\/\/www.webeco.pl\/saldeo-smart\/wp-json\/wp\/v2\/pages\/2\/revisions"}],"predecessor-version":[{"id":83,"href":"https:\/\/www.webeco.pl\/saldeo-smart\/wp-json\/wp\/v2\/pages\/2\/revisions\/83"}],"wp:attachment":[{"href":"https:\/\/www.webeco.pl\/saldeo-smart\/wp-json\/wp\/v2\/media?parent=2"}],"curies":[{"name":"wp","href":"https:\/\/api.w.org\/{rel}","templated":true}]}}